{"id":1185,"date":"2024-12-10T02:36:29","date_gmt":"2024-12-10T01:36:29","guid":{"rendered":"http:\/\/test.midobhp.pl\/?page_id=1185"},"modified":"2025-01-13T22:21:46","modified_gmt":"2025-01-13T21:21:46","slug":"obszar-dzialania","status":"publish","type":"page","link":"https:\/\/test.midobhp.pl\/?page_id=1185","title":{"rendered":"OBSZAR DZIA\u0141ANIA"},"content":{"rendered":"\t\t<div data-elementor-type=\"wp-page\" data-elementor-id=\"1185\" class=\"elementor elementor-1185\">\n\t\t\t\t<div class=\"elementor-element elementor-element-b569216 e-flex e-con-boxed e-con e-parent\" data-id=\"b569216\" data-element_type=\"container\">\n\t\t\t\t\t<div class=\"e-con-inner\">\n\t\t\t\t<div class=\"elementor-element elementor-element-ff51b97 elementor-hidden-mobile elementor-widget elementor-widget-image\" data-id=\"ff51b97\" data-element_type=\"widget\" data-widget_type=\"image.default\">\n\t\t\t\t<div class=\"elementor-widget-container\">\n\t\t\t\t\t\t\t\t\t\t\t\t\t\t\t<img fetchpriority=\"high\" decoding=\"async\" width=\"1792\" height=\"688\" src=\"https:\/\/test.midobhp.pl\/wp-content\/uploads\/2025\/01\/banner_legal_theme1.png\" class=\"attachment-full size-full wp-image-1521\" alt=\"\" srcset=\"https:\/\/test.midobhp.pl\/wp-content\/uploads\/2025\/01\/banner_legal_theme1.png 1792w, https:\/\/test.midobhp.pl\/wp-content\/uploads\/2025\/01\/banner_legal_theme1-300x115.png 300w, https:\/\/test.midobhp.pl\/wp-content\/uploads\/2025\/01\/banner_legal_theme1-1024x393.png 1024w, https:\/\/test.midobhp.pl\/wp-content\/uploads\/2025\/01\/banner_legal_theme1-768x295.png 768w, https:\/\/test.midobhp.pl\/wp-content\/uploads\/2025\/01\/banner_legal_theme1-1536x590.png 1536w\" sizes=\"(max-width: 1792px) 100vw, 1792px\" \/>\t\t\t\t\t\t\t\t\t\t\t\t\t\t\t<\/div>\n\t\t\t\t<\/div>\n\t\t\t\t\t<\/div>\n\t\t\t\t<\/div>\n\t\t<div class=\"elementor-element elementor-element-61d6359 e-flex e-con-boxed e-con e-parent\" data-id=\"61d6359\" data-element_type=\"container\">\n\t\t\t\t\t<div class=\"e-con-inner\">\n\t\t<div class=\"elementor-element elementor-element-851b336 e-con-full e-flex e-con e-child\" data-id=\"851b336\" data-element_type=\"container\">\n\t\t\t\t<div class=\"elementor-element elementor-element-fd8a124 elementor-widget elementor-widget-heading\" data-id=\"fd8a124\" data-element_type=\"widget\" data-widget_type=\"heading.default\">\n\t\t\t\t<div class=\"elementor-widget-container\">\n\t\t\t\t\t<h2 class=\"elementor-heading-title elementor-size-default\">Obszar dzia\u0142ania<\/h2>\t\t\t\t<\/div>\n\t\t\t\t<\/div>\n\t\t\t\t<div class=\"elementor-element elementor-element-36515fa elementor-widget elementor-widget-text-editor\" data-id=\"36515fa\" data-element_type=\"widget\" data-widget_type=\"text-editor.default\">\n\t\t\t\t<div class=\"elementor-widget-container\">\n\t\t\t\t\t\t\t\t\t<p><span style=\"color: #525252; font-family: 'PT Sans', sans-serif; font-size: 14px;\">Obszar w\u0142a\u015bciwo\u015bci S\u0105du Rejonowego w \u015arodzie Wielkopolskiej obejmuje nast\u0119puj\u0105ce gminy:<\/span><\/p>\t\t\t\t\t\t\t\t<\/div>\n\t\t\t\t<\/div>\n\t\t\t\t<div class=\"elementor-element elementor-element-05130c0 elementor-widget elementor-widget-html\" data-id=\"05130c0\" data-element_type=\"widget\" data-widget_type=\"html.default\">\n\t\t\t\t<div class=\"elementor-widget-container\">\n\t\t\t\t\t<table>\n    <thead>\n        <tr>\n            <th style=\"height: 10px;\" colspan=\"2\"><p style=\"text-align: center\">Wykaz Miejscowo\u015bci wg gminy i strostwa<\/p><\/th>\n        <\/tr>\n        <tr>\n            <th style=\"width: 10%; height: 10px;\"><p style=\"text-align: center\">Gmina<\/th>\n            <th><p style=\"text-align: center\">Miejscowo\u015b\u0107<\/th>\n        <\/tr>\n    <\/thead>\n    <tbody>\n        <tr>\n            <td><p style=\"text-align: center\">\u015aroda<br> Wielkopolska<br>\n63-000<\/td>\n                        <td><p style=\"text-align: left\">Annopole, Babin, Bieganowo, Brodowo, Brzezie, Brzeziny, Chocicza, Chudzice, Chwa\u0142kowo, Czarne Pi\u0105tkowo, D\u0119bicz, D\u0119biczek,Gr\u00f3jec, Henrykowo, Janowo, Januszewo, Jaros\u0142awiec, Kijewo, Koszuty, Lorenka, Marianowo Brodowskie, M\u0105czniki, Nadziejewo, Nietrzanowo, Olszewo, O\u0142aczewo, P\u0119tkowo, Pierzchnica, Pierzchno, P\u0142awce, Podgaj, Po\u0142a\u017cejewo, Romanowo, Rumiejki, Ruszkowo, S\u0142upia Wielka, Staniszewo, Stark\u00f3wiec Pi\u0105tkowski, Strzeszki, Szlachcin, \u015aroda Wlkp., Tadeuszewo, Topola, Trzebis\u0142awki, Ulejno, Winna G\u00f3ra, W\u0142ostowo, Zdziechowice, Zielniczki, Zielniki, Zmys\u0142owo, \u017babikowo.<\/td>\n        <\/tr>\n        <tr>\n            <td><p style=\"text-align: center\">Dominowo<br>\n63-012<\/td>\n<td>\n    <p style=\"text-align: left\">Andrzejpole, Bagrowo, Biskupice, Borzejewo, Bukowy Las, Ch\u0142apowo, Dominowo, Dzier\u017cnica, Gablin, Giecz, Grodziszczko, Janowo, Karolewo, Kopaszyce, Marianowo, Micha\u0142owo, Mieczys\u0142awowo, Murzynowo Ko\u015bcielne, Nowojewo, Orzeszkowo, Po\u015bwi\u0105tno, Rusiborek, Rusib\u00f3rz, Sabaszczewo, Szrapki, Wys\u0142awice, Zberki.\n<\/td>\n        <\/tr>\n        <tr>\n            <td>\n                <p style=\"text-align: center\">Kleszczewo<br>\n63-005\n            <\/td>\n            <td>\n               <p style=\"text-align: left\">Bugaj, Bylin, Gowarzewo, Kleszczewo, Komorniki, Krerowo, Krzy\u017cowniki, Lipowiec, Markowice, Nagradowice, Poklatki, Szewce, \u015ar\u00f3dka, Tanib\u00f3rz, Tulce, Zimin<\/p> \n            <\/td>\n        <\/tr>\n        <tr>\n            <td>\n                <p style=\"text-align: center\">K\u00f3rnik<br>\n62-035<\/p>\n            <\/td>\n            <td>\n                <p style=\"text-align: left\">Biernatki, B\u0142a\u017cejewo, B\u0142a\u017cejewko, Bor\u00f3wiec, Czo\u0142owo, Czmoniec, Czmo\u0144, Dachowa, Dzie\u0107mierowo, G\u0105dki, Kamionki, Koninko, Konarskie, K\u00f3rnik, Kromolice, Mo\u015bcienica, Pierzchno, Prusinowo, Radzewo, Robakowo, Runowo, Skrzynki, Szczodrzykowo.<\/p>\n            <\/td>\n        <\/tr>\n<tr>\n            <td>\n               <p style=\"text-align: center\">Krzykosy<br>\n63-024<\/p> \n            <\/td>\n            <td>\n                <p style=\"text-align: left\">Antonin, Baba, Bogus\u0142awki, Borowo, Bronis\u0142aw, Garby, Ka\u017amierki, Krzykosy, Lubrze, Ma\u0142oszki, Mi\u0105skowo, M\u0142odzikowice, M\u0142odzikowo, M\u0142odzik\u00f3wko, Murzynowiec Le\u015bny, Murzynowo Le\u015bne, Murzyn\u00f3wko, Pi\u0119czkowo, Przymiarki, Solec, Sul\u0119cin, Sul\u0119cinek, Wiktorowo, Wiosna, Witowo, Wygranka.\n<\/p>\n            <\/td>\n        <\/tr>\n        <tr>\n            <td>\n               <p style=\"text-align: center\">Nowe Miasto<br> nad Wart\u0105<br>\n63-040<\/p> \n            <\/td>\n            <td>\n                <p style=\"text-align: left\">Aleksandr\u00f3w, Boguszyn, Boguszynek, Chocicza, Chromiec, Chwal\u0119cin, D\u0105browa, D\u0119bno, El\u017cbiet\u00f3w, Herman\u00f3w, Jadwig\u00f3w, Kl\u0119ka, Kolniczki, Komorze Nowe, Komorze, Kruczyn, Kruczynek, Lutynia, Micha\u0142\u00f3w, Nowe Miasto nad Wart\u0105, Radliniec, Rogusko, Skoraczew, Stramnice, Szyp\u0142\u00f3w, \u015awi\u0119tomierz, Teresa, Tokar\u00f3w, Utrata, Wolica Kozia, Wolica.\n<\/p>\n            <\/td>\n        <\/tr>\n        <tr>\n            <td>\n               <p style=\"text-align: center\">Zaniemy\u015bl<br>\n63-020<\/p> \n            <\/td>\n            <td>\n                <p style=\"text-align: left\">Bo\u017cydar, Brzostek, Czarnotki, D\u0119bice, Dobroczyn, Doliwiec Le\u015bny, Jaszkowo, Jeziory Ma\u0142e, Jeziory Wielkie, K\u0119pa Ma\u0142a, K\u0119pa Wielka, Luboniec, Lubonieczek, Ludwikowo, \u0141\u0119kno, Majdany, M\u0105dre, Pig\u0142owice, P\u0142aczki, Polesie, Polwica, Huby, Polwica, Potachy, \u015anieciska, Winna, Wyszakowo, Wyszkowskie Huby, Zaniemy\u015bl, Zwola.\n<\/p>\n            <\/td>\n        <\/tr>\n    <\/tbody>\n<\/table>\t\t\t\t<\/div>\n\t\t\t\t<\/div>\n\t\t\t\t<\/div>\n\t\t<div class=\"elementor-element elementor-element-1f569df e-con-full e-grid e-con e-child\" data-id=\"1f569df\" data-element_type=\"container\">\n\t\t\t\t<div class=\"elementor-element elementor-element-a30e01e elementor-widget elementor-widget-shortcode\" data-id=\"a30e01e\" data-element_type=\"widget\" data-widget_type=\"shortcode.default\">\n\t\t\t\t<div class=\"elementor-widget-container\">\n\t\t\t\t\t\t\t<div class=\"elementor-shortcode\">\n<table id=\"tablepress-2\" class=\"tablepress tablepress-id-2 tablepresstd\">\n<thead>\n<tr class=\"row-1\">\n\t<th colspan=\"3\" class=\"column-1\">Licytacje<\/th>\n<\/tr>\n<tr class=\"row-2\">\n\t<th class=\"column-1\">Nazwa<\/th><th class=\"column-2\">Cena<\/th><th class=\"column-3\">Data<\/th>\n<\/tr>\n<\/thead>\n<tbody class=\"row-striping row-hover\">\n<tr class=\"row-3\">\n\t<td class=\"column-1\">OBWIESZCZENIE O PIERWSZEJ LICYTACJI NIERUCHOMO\u015aCI - \u015aRODA WLKP.<\/td><td class=\"column-2\">105 015,00 z\u0142<\/td><td class=\"column-3\">2024-12-10<\/td>\n<\/tr>\n<tr class=\"row-4\">\n\t<td class=\"column-1\">OBWIESZCZENIE O DRUGIEJ LICYTACJI NIERUCHOMO\u015aCI- KL\u0118KA 8\/7<\/td><td class=\"column-2\">151 800,00 z\u0142<\/td><td class=\"column-3\">2024-12-10<\/td>\n<\/tr>\n<tr class=\"row-5\">\n\t<td class=\"column-1\">OBWIESZCZENIE O PIERWSZEJ LICYTACJI NIERUCHOMO\u015aCI- DACHOWA<\/td><td class=\"column-2\">216 262,50 z\u0142<\/td><td class=\"column-3\">2024-12-10<br \/>\n<\/td>\n<\/tr>\n<tr class=\"row-6\">\n\t<td class=\"column-1\">OBWIESZCZENIE O DRUGIEJ LICYTACJI NIERUCHOMO\u015aCI- \u0141\u0118KNO\t<\/td><td class=\"column-2\">308 785,50 z\u0142\t<\/td><td class=\"column-3\">2024-12-12<br \/>\n<\/td>\n<\/tr>\n<tr class=\"row-7\">\n\t<td class=\"column-1\">OBWIESZCZENIE O PIERWSZEJ LICYTACJI NIERUCHOMO\u015aCI - Robakowo<\/td><td class=\"column-2\">149 355,00 z\u0142<\/td><td class=\"column-3\">2024-12-17<br \/>\n<\/td>\n<\/tr>\n<\/tbody>\n<\/table>\n<!-- #tablepress-2 from cache --><\/div>\n\t\t\t\t\t\t<\/div>\n\t\t\t\t<\/div>\n\t\t\t\t<div class=\"elementor-element elementor-element-7da5e5e elementor-arrows-position-inside elementor-pagination-position-outside elementor-widget elementor-widget-image-carousel\" data-id=\"7da5e5e\" data-element_type=\"widget\" data-settings=\"{&quot;slides_to_show&quot;:&quot;1&quot;,&quot;navigation&quot;:&quot;both&quot;,&quot;autoplay&quot;:&quot;yes&quot;,&quot;pause_on_hover&quot;:&quot;yes&quot;,&quot;pause_on_interaction&quot;:&quot;yes&quot;,&quot;autoplay_speed&quot;:5000,&quot;infinite&quot;:&quot;yes&quot;,&quot;effect&quot;:&quot;slide&quot;,&quot;speed&quot;:500}\" data-widget_type=\"image-carousel.default\">\n\t\t\t\t<div class=\"elementor-widget-container\">\n\t\t\t\t\t\t\t<div class=\"elementor-image-carousel-wrapper swiper\" role=\"region\" aria-roledescription=\"carousel\" aria-label=\"Karuzela obrazk\u00f3w\" dir=\"ltr\">\n\t\t\t<div class=\"elementor-image-carousel swiper-wrapper\" aria-live=\"off\">\n\t\t\t\t\t\t\t\t<div class=\"swiper-slide\" role=\"group\" aria-roledescription=\"slide\" aria-label=\"1 z 5\"><figure class=\"swiper-slide-inner\"><img decoding=\"async\" class=\"swiper-slide-image\" src=\"https:\/\/test.midobhp.pl\/wp-content\/uploads\/2024\/12\/ognivo_strona.jpg\" alt=\"System Ognivo umo\u017cliwia elektroniczn\u0105 wymian\u0119 informacji pomi\u0119dzy komornikiem s\u0105dowym a bankami, dotycz\u0105c\u0105 poszukiwania rachunk\u00f3w bankowych d\u0142u\u017cnik\u00f3w. Za pomoc\u0105 systemu Ognivo komornik s\u0105dowy droga elektroniczna wysy\u0142a zapytanie czy w danym banku d\u0142u\u017cnik posiada rachunek bankowy. Odpowied\u017a pozytywna z danego banku umo\u017cliwia zaj\u0119cie rachunku bankowego nale\u017c\u0105cego do d\u0142u\u017cnika. Lista bank\u00f3w wsp\u00f3\u0142pracuj\u0105cych w ramach tego programu systematycznie si\u0119 powi\u0119ksza. Zapytanie do banku jest p\u0142atne, w zwi\u0105zku z tym wierzyciel wnioskuj\u0105cy o poszukiwanie rachunk\u00f3w bankowych d\u0142u\u017cnika powinien ui\u015bci\u0107 zaliczk\u0119 na pokrycie koszt\u00f3w zapytania.\" \/><figcaption class=\"elementor-image-carousel-caption\">System Ognivo umo\u017cliwia elektroniczn\u0105 wymian\u0119 informacji pomi\u0119dzy komornikiem s\u0105dowym a bankami, dotycz\u0105c\u0105 poszukiwania rachunk\u00f3w bankowych d\u0142u\u017cnik\u00f3w. Za pomoc\u0105 systemu Ognivo komornik s\u0105dowy droga elektroniczna wysy\u0142a zapytanie czy w danym banku d\u0142u\u017cnik posiada rachunek bankowy. Odpowied\u017a pozytywna z danego banku umo\u017cliwia zaj\u0119cie rachunku bankowego nale\u017c\u0105cego do d\u0142u\u017cnika. Lista bank\u00f3w wsp\u00f3\u0142pracuj\u0105cych w ramach tego programu systematycznie si\u0119 powi\u0119ksza. Zapytanie do banku jest p\u0142atne, w zwi\u0105zku z tym wierzyciel wnioskuj\u0105cy o poszukiwanie rachunk\u00f3w bankowych d\u0142u\u017cnika powinien ui\u015bci\u0107 zaliczk\u0119 na pokrycie koszt\u00f3w zapytania.<\/figcaption><\/figure><\/div><div class=\"swiper-slide\" role=\"group\" aria-roledescription=\"slide\" aria-label=\"2 z 5\"><figure class=\"swiper-slide-inner\"><img decoding=\"async\" class=\"swiper-slide-image\" src=\"https:\/\/test.midobhp.pl\/wp-content\/uploads\/2024\/12\/epu_strona.jpg\" alt=\"Elektroniczne Post\u0119powanie Upominawcze jako odr\u0119bne postepowanie przewidziane jest dla roszcze\u0144 pieni\u0119\u017cnych, w kt\u00f3rych stan faktyczny nie jest skomplikowany i nie wymaga przeprowadzenia post\u0119powania dowodowego. Nakaz zap\u0142aty oraz klauzula wykonalno\u015bci wydane w epu maj\u0105 posta\u0107 wy\u0142\u0105cznie elektroniczn\u0105 i s\u0105 dost\u0119pne w systemie teleinformatycznym. Po uzyskaniu nakazu zap\u0142aty i nadania mu klauzuli wykonalno\u015bci w elektronicznym post\u0119powaniu upominawczym, wierzyciel za po\u015brednictwem systemu teleinformatycznego mo\u017ce z\u0142o\u017cy\u0107 u wybranego komornika s\u0105dowego wniosek o wszcz\u0119cie post\u0119powania egzekucyjnego.  Numer identyfikacyjny komornika: 1911\" \/><figcaption class=\"elementor-image-carousel-caption\">Elektroniczne Post\u0119powanie Upominawcze jako odr\u0119bne postepowanie przewidziane jest dla roszcze\u0144 pieni\u0119\u017cnych, w kt\u00f3rych stan faktyczny nie jest skomplikowany i nie wymaga przeprowadzenia post\u0119powania dowodowego. Nakaz zap\u0142aty oraz klauzula wykonalno\u015bci wydane w epu maj\u0105 posta\u0107 wy\u0142\u0105cznie elektroniczn\u0105 i s\u0105 dost\u0119pne w systemie teleinformatycznym. Po uzyskaniu nakazu zap\u0142aty i nadania mu klauzuli wykonalno\u015bci w elektronicznym post\u0119powaniu upominawczym, wierzyciel za po\u015brednictwem systemu teleinformatycznego mo\u017ce z\u0142o\u017cy\u0107 u wybranego komornika s\u0105dowego wniosek o wszcz\u0119cie post\u0119powania egzekucyjnego.  Numer identyfikacyjny komornika: 1911<\/figcaption><\/figure><\/div><div class=\"swiper-slide\" role=\"group\" aria-roledescription=\"slide\" aria-label=\"3 z 5\"><figure class=\"swiper-slide-inner\"><img decoding=\"async\" class=\"swiper-slide-image\" src=\"https:\/\/test.midobhp.pl\/wp-content\/uploads\/2024\/12\/cpd.jpg\" alt=\"Elektroniczny dost\u0119p do Centrum Personalizacji Dokument\u00f3w umo\u017cliwia sprawdzenie identyfikator\u00f3w personalnych d\u0142u\u017cnika takich jak numer PESEL i numer dowodu osobistego oraz danych adresowych d\u0142u\u017cnika. Zapytanie do CPD skraca czas do uzyskania informacji do ok. 7 dni.\" \/><figcaption class=\"elementor-image-carousel-caption\">Elektroniczny dost\u0119p do Centrum Personalizacji Dokument\u00f3w umo\u017cliwia sprawdzenie identyfikator\u00f3w personalnych d\u0142u\u017cnika takich jak numer PESEL i numer dowodu osobistego oraz danych adresowych d\u0142u\u017cnika. Zapytanie do CPD skraca czas do uzyskania informacji do ok. 7 dni.<\/figcaption><\/figure><\/div><div class=\"swiper-slide\" role=\"group\" aria-roledescription=\"slide\" aria-label=\"4 z 5\"><figure class=\"swiper-slide-inner\"><img decoding=\"async\" class=\"swiper-slide-image\" src=\"https:\/\/test.midobhp.pl\/wp-content\/uploads\/2024\/12\/cepikl.jpg\" alt=\"System informatyczny umo\u017cliwiajacy ustalenie czy d\u0142u\u017cnik jest wla\u015bcicielem lub posiadaczem pojazd\u00f3w. Kancelaria dysponuje elektronicznym dost\u0119pem do Centralnej Ewidencji Pojazd\u00f3w i Kierowc\u00f3w, umo\u017cliwia to szybkie odnalezienie pojazd\u00f3w mechanicznych zarejestrowanych na d\u0142u\u017cnika, co w znacz\u0105cy spos\u00f3b wp\u0142ywa na  efektywno\u015b\u0107 prowadzonych post\u0119powa\u0144 egzekucyjnych.\" \/><figcaption class=\"elementor-image-carousel-caption\">System informatyczny umo\u017cliwiajacy ustalenie czy d\u0142u\u017cnik jest wla\u015bcicielem lub posiadaczem pojazd\u00f3w. Kancelaria dysponuje elektronicznym dost\u0119pem do Centralnej Ewidencji Pojazd\u00f3w i Kierowc\u00f3w, umo\u017cliwia to szybkie odnalezienie pojazd\u00f3w mechanicznych zarejestrowanych na d\u0142u\u017cnika, co w znacz\u0105cy spos\u00f3b wp\u0142ywa na  efektywno\u015b\u0107 prowadzonych post\u0119powa\u0144 egzekucyjnych.<\/figcaption><\/figure><\/div><div class=\"swiper-slide\" role=\"group\" aria-roledescription=\"slide\" aria-label=\"5 z 5\"><figure class=\"swiper-slide-inner\"><img decoding=\"async\" class=\"swiper-slide-image\" src=\"https:\/\/test.midobhp.pl\/wp-content\/uploads\/2024\/12\/pue_strona.jpg\" alt=\"Platforma PUE ZUS dla komornik\u00f3w s\u0105dowych umo\u017cliwia ustalenie miejsca zatrudnienia d\u0142u\u017cnika, co pozwala na wys\u0142anie do zak\u0142adu pracy zaj\u0119cia wynagrodzenia. Dzi\u0119ki platformie us\u0142ug elektronicznych ZUS udaje si\u0119 ograniczy\u0107 czas uzyskania informacji o pracodawcy d\u0142u\u017cnika, gdy\u017c informacje z ZUS pozyskiwane s\u0105 w ci\u0105gu 24h.\" \/><figcaption class=\"elementor-image-carousel-caption\">Platforma PUE ZUS dla komornik\u00f3w s\u0105dowych umo\u017cliwia ustalenie miejsca zatrudnienia d\u0142u\u017cnika, co pozwala na wys\u0142anie do zak\u0142adu pracy zaj\u0119cia wynagrodzenia. Dzi\u0119ki platformie us\u0142ug elektronicznych ZUS udaje si\u0119 ograniczy\u0107 czas uzyskania informacji o pracodawcy d\u0142u\u017cnika, gdy\u017c informacje z ZUS pozyskiwane s\u0105 w ci\u0105gu 24h.<\/figcaption><\/figure><\/div>\t\t\t<\/div>\n\t\t\t\t\t\t\t\t\t\t\t\t<div class=\"elementor-swiper-button elementor-swiper-button-prev\" role=\"button\" tabindex=\"0\">\n\t\t\t\t\t\t<svg aria-hidden=\"true\" class=\"e-font-icon-svg e-eicon-chevron-left\" viewBox=\"0 0 1000 1000\" xmlns=\"http:\/\/www.w3.org\/2000\/svg\"><path d=\"M646 125C629 125 613 133 604 142L308 442C296 454 292 471 292 487 292 504 296 521 308 533L604 854C617 867 629 875 646 875 663 875 679 871 692 858 704 846 713 829 713 812 713 796 708 779 692 767L438 487 692 225C700 217 708 204 708 187 708 171 704 154 692 142 675 129 663 125 646 125Z\"><\/path><\/svg>\t\t\t\t\t<\/div>\n\t\t\t\t\t<div class=\"elementor-swiper-button elementor-swiper-button-next\" role=\"button\" tabindex=\"0\">\n\t\t\t\t\t\t<svg aria-hidden=\"true\" class=\"e-font-icon-svg e-eicon-chevron-right\" viewBox=\"0 0 1000 1000\" xmlns=\"http:\/\/www.w3.org\/2000\/svg\"><path d=\"M696 533C708 521 713 504 713 487 713 471 708 454 696 446L400 146C388 133 375 125 354 125 338 125 325 129 313 142 300 154 292 171 292 187 292 204 296 221 308 233L563 492 304 771C292 783 288 800 288 817 288 833 296 850 308 863 321 871 338 875 354 875 371 875 388 867 400 854L696 533Z\"><\/path><\/svg>\t\t\t\t\t<\/div>\n\t\t\t\t\n\t\t\t\t\t\t\t\t\t<div class=\"swiper-pagination\"><\/div>\n\t\t\t\t\t\t\t\t\t<\/div>\n\t\t\t\t\t\t<\/div>\n\t\t\t\t<\/div>\n\t\t\t\t<\/div>\n\t\t\t\t\t<\/div>\n\t\t\t\t<\/div>\n\t\t\t\t<\/div>\n\t\t","protected":false},"excerpt":{"rendered":"<p>Obszar dzia\u0142ania Obszar w\u0142a\u015bciwo\u015bci S\u0105du Rejonowego w \u015arodzie Wielkopolskiej obejmuje nast\u0119puj\u0105ce gminy: Wykaz Miejscowo\u015bci wg gminy i strostwa Gmina Miejscowo\u015b\u0107 \u015aroda Wielkopolska 63-000 Annopole, Babin,&hellip;<\/p>\n","protected":false},"author":1,"featured_media":1138,"parent":0,"menu_order":0,"comment_status":"closed","ping_status":"closed","template":"","meta":{"footnotes":""},"class_list":["post-1185","page","type-page","status-publish","has-post-thumbnail","hentry"],"_links":{"self":[{"href":"https:\/\/test.midobhp.pl\/index.php?rest_route=\/wp\/v2\/pages\/1185","targetHints":{"allow":["GET"]}}],"collection":[{"href":"https:\/\/test.midobhp.pl\/index.php?rest_route=\/wp\/v2\/pages"}],"about":[{"href":"https:\/\/test.midobhp.pl\/index.php?rest_route=\/wp\/v2\/types\/page"}],"author":[{"embeddable":true,"href":"https:\/\/test.midobhp.pl\/index.php?rest_route=\/wp\/v2\/users\/1"}],"replies":[{"embeddable":true,"href":"https:\/\/test.midobhp.pl\/index.php?rest_route=%2Fwp%2Fv2%2Fcomments&post=1185"}],"version-history":[{"count":48,"href":"https:\/\/test.midobhp.pl\/index.php?rest_route=\/wp\/v2\/pages\/1185\/revisions"}],"predecessor-version":[{"id":1533,"href":"https:\/\/test.midobhp.pl\/index.php?rest_route=\/wp\/v2\/pages\/1185\/revisions\/1533"}],"wp:featuredmedia":[{"embeddable":true,"href":"https:\/\/test.midobhp.pl\/index.php?rest_route=\/wp\/v2\/media\/1138"}],"wp:attachment":[{"href":"https:\/\/test.midobhp.pl\/index.php?rest_route=%2Fwp%2Fv2%2Fmedia&parent=1185"}],"curies":[{"name":"wp","href":"https:\/\/api.w.org\/{rel}","templated":true}]}}