{"id":1186,"date":"2024-12-10T02:36:29","date_gmt":"2024-12-10T01:36:29","guid":{"rendered":"http:\/\/test.midobhp.pl\/?page_id=1186"},"modified":"2025-01-13T22:22:03","modified_gmt":"2025-01-13T21:22:03","slug":"licytacje","status":"publish","type":"page","link":"https:\/\/test.midobhp.pl\/?page_id=1186","title":{"rendered":"LICYTACJE"},"content":{"rendered":"\t\t<div data-elementor-type=\"wp-page\" data-elementor-id=\"1186\" class=\"elementor elementor-1186\">\n\t\t\t\t<div class=\"elementor-element elementor-element-8b2415b e-flex e-con-boxed e-con e-parent\" data-id=\"8b2415b\" data-element_type=\"container\">\n\t\t\t\t\t<div class=\"e-con-inner\">\n\t\t\t\t<div class=\"elementor-element elementor-element-55267aa elementor-hidden-mobile elementor-widget elementor-widget-image\" data-id=\"55267aa\" data-element_type=\"widget\" data-widget_type=\"image.default\">\n\t\t\t\t<div class=\"elementor-widget-container\">\n\t\t\t\t\t\t\t\t\t\t\t\t\t\t\t<img fetchpriority=\"high\" decoding=\"async\" width=\"1792\" height=\"688\" src=\"https:\/\/test.midobhp.pl\/wp-content\/uploads\/2025\/01\/banner_legal_theme1.png\" class=\"attachment-full size-full wp-image-1521\" alt=\"\" srcset=\"https:\/\/test.midobhp.pl\/wp-content\/uploads\/2025\/01\/banner_legal_theme1.png 1792w, https:\/\/test.midobhp.pl\/wp-content\/uploads\/2025\/01\/banner_legal_theme1-300x115.png 300w, https:\/\/test.midobhp.pl\/wp-content\/uploads\/2025\/01\/banner_legal_theme1-1024x393.png 1024w, https:\/\/test.midobhp.pl\/wp-content\/uploads\/2025\/01\/banner_legal_theme1-768x295.png 768w, https:\/\/test.midobhp.pl\/wp-content\/uploads\/2025\/01\/banner_legal_theme1-1536x590.png 1536w\" sizes=\"(max-width: 1792px) 100vw, 1792px\" \/>\t\t\t\t\t\t\t\t\t\t\t\t\t\t\t<\/div>\n\t\t\t\t<\/div>\n\t\t\t\t\t<\/div>\n\t\t\t\t<\/div>\n\t\t<div class=\"elementor-element elementor-element-6add6ac e-flex e-con-boxed e-con e-parent\" data-id=\"6add6ac\" data-element_type=\"container\">\n\t\t\t\t\t<div class=\"e-con-inner\">\n\t\t<div class=\"elementor-element elementor-element-da97315 e-con-full e-flex e-con e-child\" data-id=\"da97315\" data-element_type=\"container\">\n\t\t\t\t<div class=\"elementor-element elementor-element-84d4bb2 elementor-widget__width-initial elementor-widget elementor-widget-shortcode\" data-id=\"84d4bb2\" data-element_type=\"widget\" data-widget_type=\"shortcode.default\">\n\t\t\t\t<div class=\"elementor-widget-container\">\n\t\t\t\t\t\t\t<div class=\"elementor-shortcode\">\n<table id=\"tablepress-1\" class=\"tablepress tablepress-id-1 th span\">\n<thead>\n<tr class=\"row-1\">\n\t<th colspan=\"4\" class=\"column-1\">Licytacje<\/th>\n<\/tr>\n<tr class=\"row-2\">\n\t<th class=\"column-1\">Data<\/th><th class=\"column-2\">Opis<\/th><th class=\"column-3\">Cena<\/th><th class=\"column-4\">Podgl\u0105d<\/th>\n<\/tr>\n<\/thead>\n<tbody class=\"row-striping row-hover\">\n<tr class=\"row-3\">\n\t<td class=\"column-1\">10-01-2024<\/td><td class=\"column-2\">Przyk\u0142adowy opis licytacji<\/td><td class=\"column-3\">123 456,78z\u0142<\/td><td class=\"column-4\"><a href=\"http:\/\/test.midobhp.pl\/?page_id=1503\">zobacz<\/a><\/td>\n<\/tr>\n<\/tbody>\n<\/table>\n<!-- #tablepress-1 from cache --><\/div>\n\t\t\t\t\t\t<\/div>\n\t\t\t\t<\/div>\n\t\t\t\t<\/div>\n\t\t<div class=\"elementor-element elementor-element-282b6d3 e-con-full e-flex e-con e-child\" data-id=\"282b6d3\" data-element_type=\"container\">\n\t\t\t\t<div class=\"elementor-element elementor-element-eb2dfe5 elementor-arrows-position-inside elementor-pagination-position-outside elementor-widget elementor-widget-image-carousel\" data-id=\"eb2dfe5\" data-element_type=\"widget\" data-settings=\"{&quot;slides_to_show&quot;:&quot;1&quot;,&quot;navigation&quot;:&quot;both&quot;,&quot;autoplay&quot;:&quot;yes&quot;,&quot;pause_on_hover&quot;:&quot;yes&quot;,&quot;pause_on_interaction&quot;:&quot;yes&quot;,&quot;autoplay_speed&quot;:5000,&quot;infinite&quot;:&quot;yes&quot;,&quot;effect&quot;:&quot;slide&quot;,&quot;speed&quot;:500}\" data-widget_type=\"image-carousel.default\">\n\t\t\t\t<div class=\"elementor-widget-container\">\n\t\t\t\t\t\t\t<div class=\"elementor-image-carousel-wrapper swiper\" role=\"region\" aria-roledescription=\"carousel\" aria-label=\"Karuzela obrazk\u00f3w\" dir=\"ltr\">\n\t\t\t<div class=\"elementor-image-carousel swiper-wrapper\" aria-live=\"off\">\n\t\t\t\t\t\t\t\t<div class=\"swiper-slide\" role=\"group\" aria-roledescription=\"slide\" aria-label=\"1 z 5\"><figure class=\"swiper-slide-inner\"><img decoding=\"async\" class=\"swiper-slide-image\" src=\"https:\/\/test.midobhp.pl\/wp-content\/uploads\/2024\/12\/epu_strona.jpg\" alt=\"Elektroniczne Post\u0119powanie Upominawcze jako odr\u0119bne postepowanie przewidziane jest dla roszcze\u0144 pieni\u0119\u017cnych, w kt\u00f3rych stan faktyczny nie jest skomplikowany i nie wymaga przeprowadzenia post\u0119powania dowodowego. Nakaz zap\u0142aty oraz klauzula wykonalno\u015bci wydane w epu maj\u0105 posta\u0107 wy\u0142\u0105cznie elektroniczn\u0105 i s\u0105 dost\u0119pne w systemie teleinformatycznym. Po uzyskaniu nakazu zap\u0142aty i nadania mu klauzuli wykonalno\u015bci w elektronicznym post\u0119powaniu upominawczym, wierzyciel za po\u015brednictwem systemu teleinformatycznego mo\u017ce z\u0142o\u017cy\u0107 u wybranego komornika s\u0105dowego wniosek o wszcz\u0119cie post\u0119powania egzekucyjnego.  Numer identyfikacyjny komornika: 1911\" \/><figcaption class=\"elementor-image-carousel-caption\">Elektroniczne Post\u0119powanie Upominawcze jako odr\u0119bne postepowanie przewidziane jest dla roszcze\u0144 pieni\u0119\u017cnych, w kt\u00f3rych stan faktyczny nie jest skomplikowany i nie wymaga przeprowadzenia post\u0119powania dowodowego. Nakaz zap\u0142aty oraz klauzula wykonalno\u015bci wydane w epu maj\u0105 posta\u0107 wy\u0142\u0105cznie elektroniczn\u0105 i s\u0105 dost\u0119pne w systemie teleinformatycznym. Po uzyskaniu nakazu zap\u0142aty i nadania mu klauzuli wykonalno\u015bci w elektronicznym post\u0119powaniu upominawczym, wierzyciel za po\u015brednictwem systemu teleinformatycznego mo\u017ce z\u0142o\u017cy\u0107 u wybranego komornika s\u0105dowego wniosek o wszcz\u0119cie post\u0119powania egzekucyjnego.  Numer identyfikacyjny komornika: 1911<\/figcaption><\/figure><\/div><div class=\"swiper-slide\" role=\"group\" aria-roledescription=\"slide\" aria-label=\"2 z 5\"><figure class=\"swiper-slide-inner\"><img decoding=\"async\" class=\"swiper-slide-image\" src=\"https:\/\/test.midobhp.pl\/wp-content\/uploads\/2024\/12\/ognivo_strona.jpg\" alt=\"System Ognivo umo\u017cliwia elektroniczn\u0105 wymian\u0119 informacji pomi\u0119dzy komornikiem s\u0105dowym a bankami, dotycz\u0105c\u0105 poszukiwania rachunk\u00f3w bankowych d\u0142u\u017cnik\u00f3w. Za pomoc\u0105 systemu Ognivo komornik s\u0105dowy droga elektroniczna wysy\u0142a zapytanie czy w danym banku d\u0142u\u017cnik posiada rachunek bankowy. Odpowied\u017a pozytywna z danego banku umo\u017cliwia zaj\u0119cie rachunku bankowego nale\u017c\u0105cego do d\u0142u\u017cnika. Lista bank\u00f3w wsp\u00f3\u0142pracuj\u0105cych w ramach tego programu systematycznie si\u0119 powi\u0119ksza. Zapytanie do banku jest p\u0142atne, w zwi\u0105zku z tym wierzyciel wnioskuj\u0105cy o poszukiwanie rachunk\u00f3w bankowych d\u0142u\u017cnika powinien ui\u015bci\u0107 zaliczk\u0119 na pokrycie koszt\u00f3w zapytania.\" \/><figcaption class=\"elementor-image-carousel-caption\">System Ognivo umo\u017cliwia elektroniczn\u0105 wymian\u0119 informacji pomi\u0119dzy komornikiem s\u0105dowym a bankami, dotycz\u0105c\u0105 poszukiwania rachunk\u00f3w bankowych d\u0142u\u017cnik\u00f3w. Za pomoc\u0105 systemu Ognivo komornik s\u0105dowy droga elektroniczna wysy\u0142a zapytanie czy w danym banku d\u0142u\u017cnik posiada rachunek bankowy. Odpowied\u017a pozytywna z danego banku umo\u017cliwia zaj\u0119cie rachunku bankowego nale\u017c\u0105cego do d\u0142u\u017cnika. Lista bank\u00f3w wsp\u00f3\u0142pracuj\u0105cych w ramach tego programu systematycznie si\u0119 powi\u0119ksza. Zapytanie do banku jest p\u0142atne, w zwi\u0105zku z tym wierzyciel wnioskuj\u0105cy o poszukiwanie rachunk\u00f3w bankowych d\u0142u\u017cnika powinien ui\u015bci\u0107 zaliczk\u0119 na pokrycie koszt\u00f3w zapytania.<\/figcaption><\/figure><\/div><div class=\"swiper-slide\" role=\"group\" aria-roledescription=\"slide\" aria-label=\"3 z 5\"><figure class=\"swiper-slide-inner\"><img decoding=\"async\" class=\"swiper-slide-image\" src=\"https:\/\/test.midobhp.pl\/wp-content\/uploads\/2024\/12\/cpd.jpg\" alt=\"Elektroniczny dost\u0119p do Centrum Personalizacji Dokument\u00f3w umo\u017cliwia sprawdzenie identyfikator\u00f3w personalnych d\u0142u\u017cnika takich jak numer PESEL i numer dowodu osobistego oraz danych adresowych d\u0142u\u017cnika. Zapytanie do CPD skraca czas do uzyskania informacji do ok. 7 dni.\" \/><figcaption class=\"elementor-image-carousel-caption\">Elektroniczny dost\u0119p do Centrum Personalizacji Dokument\u00f3w umo\u017cliwia sprawdzenie identyfikator\u00f3w personalnych d\u0142u\u017cnika takich jak numer PESEL i numer dowodu osobistego oraz danych adresowych d\u0142u\u017cnika. Zapytanie do CPD skraca czas do uzyskania informacji do ok. 7 dni.<\/figcaption><\/figure><\/div><div class=\"swiper-slide\" role=\"group\" aria-roledescription=\"slide\" aria-label=\"4 z 5\"><figure class=\"swiper-slide-inner\"><img decoding=\"async\" class=\"swiper-slide-image\" src=\"https:\/\/test.midobhp.pl\/wp-content\/uploads\/2024\/12\/cepikl.jpg\" alt=\"System informatyczny umo\u017cliwiajacy ustalenie czy d\u0142u\u017cnik jest wla\u015bcicielem lub posiadaczem pojazd\u00f3w. Kancelaria dysponuje elektronicznym dost\u0119pem do Centralnej Ewidencji Pojazd\u00f3w i Kierowc\u00f3w, umo\u017cliwia to szybkie odnalezienie pojazd\u00f3w mechanicznych zarejestrowanych na d\u0142u\u017cnika, co w znacz\u0105cy spos\u00f3b wp\u0142ywa na  efektywno\u015b\u0107 prowadzonych post\u0119powa\u0144 egzekucyjnych.\" \/><figcaption class=\"elementor-image-carousel-caption\">System informatyczny umo\u017cliwiajacy ustalenie czy d\u0142u\u017cnik jest wla\u015bcicielem lub posiadaczem pojazd\u00f3w. Kancelaria dysponuje elektronicznym dost\u0119pem do Centralnej Ewidencji Pojazd\u00f3w i Kierowc\u00f3w, umo\u017cliwia to szybkie odnalezienie pojazd\u00f3w mechanicznych zarejestrowanych na d\u0142u\u017cnika, co w znacz\u0105cy spos\u00f3b wp\u0142ywa na  efektywno\u015b\u0107 prowadzonych post\u0119powa\u0144 egzekucyjnych.<\/figcaption><\/figure><\/div><div class=\"swiper-slide\" role=\"group\" aria-roledescription=\"slide\" aria-label=\"5 z 5\"><figure class=\"swiper-slide-inner\"><img decoding=\"async\" class=\"swiper-slide-image\" src=\"https:\/\/test.midobhp.pl\/wp-content\/uploads\/2024\/12\/pue_strona.jpg\" alt=\"Platforma PUE ZUS dla komornik\u00f3w s\u0105dowych umo\u017cliwia ustalenie miejsca zatrudnienia d\u0142u\u017cnika, co pozwala na wys\u0142anie do zak\u0142adu pracy zaj\u0119cia wynagrodzenia. Dzi\u0119ki platformie us\u0142ug elektronicznych ZUS udaje si\u0119 ograniczy\u0107 czas uzyskania informacji o pracodawcy d\u0142u\u017cnika, gdy\u017c informacje z ZUS pozyskiwane s\u0105 w ci\u0105gu 24h.\" \/><figcaption class=\"elementor-image-carousel-caption\">Platforma PUE ZUS dla komornik\u00f3w s\u0105dowych umo\u017cliwia ustalenie miejsca zatrudnienia d\u0142u\u017cnika, co pozwala na wys\u0142anie do zak\u0142adu pracy zaj\u0119cia wynagrodzenia. Dzi\u0119ki platformie us\u0142ug elektronicznych ZUS udaje si\u0119 ograniczy\u0107 czas uzyskania informacji o pracodawcy d\u0142u\u017cnika, gdy\u017c informacje z ZUS pozyskiwane s\u0105 w ci\u0105gu 24h.<\/figcaption><\/figure><\/div>\t\t\t<\/div>\n\t\t\t\t\t\t\t\t\t\t\t\t<div class=\"elementor-swiper-button elementor-swiper-button-prev\" role=\"button\" tabindex=\"0\">\n\t\t\t\t\t\t<svg aria-hidden=\"true\" class=\"e-font-icon-svg e-eicon-chevron-left\" viewBox=\"0 0 1000 1000\" xmlns=\"http:\/\/www.w3.org\/2000\/svg\"><path d=\"M646 125C629 125 613 133 604 142L308 442C296 454 292 471 292 487 292 504 296 521 308 533L604 854C617 867 629 875 646 875 663 875 679 871 692 858 704 846 713 829 713 812 713 796 708 779 692 767L438 487 692 225C700 217 708 204 708 187 708 171 704 154 692 142 675 129 663 125 646 125Z\"><\/path><\/svg>\t\t\t\t\t<\/div>\n\t\t\t\t\t<div class=\"elementor-swiper-button elementor-swiper-button-next\" role=\"button\" tabindex=\"0\">\n\t\t\t\t\t\t<svg aria-hidden=\"true\" class=\"e-font-icon-svg e-eicon-chevron-right\" viewBox=\"0 0 1000 1000\" xmlns=\"http:\/\/www.w3.org\/2000\/svg\"><path d=\"M696 533C708 521 713 504 713 487 713 471 708 454 696 446L400 146C388 133 375 125 354 125 338 125 325 129 313 142 300 154 292 171 292 187 292 204 296 221 308 233L563 492 304 771C292 783 288 800 288 817 288 833 296 850 308 863 321 871 338 875 354 875 371 875 388 867 400 854L696 533Z\"><\/path><\/svg>\t\t\t\t\t<\/div>\n\t\t\t\t\n\t\t\t\t\t\t\t\t\t<div class=\"swiper-pagination\"><\/div>\n\t\t\t\t\t\t\t\t\t<\/div>\n\t\t\t\t\t\t<\/div>\n\t\t\t\t<\/div>\n\t\t\t\t<\/div>\n\t\t\t\t\t<\/div>\n\t\t\t\t<\/div>\n\t\t\t\t<\/div>\n\t\t","protected":false},"excerpt":{"rendered":"<p>Elektroniczne Post\u0119powanie Upominawcze jako odr\u0119bne postepowanie przewidziane jest dla roszcze\u0144 pieni\u0119\u017cnych, w kt\u00f3rych stan faktyczny nie jest skomplikowany i nie wymaga przeprowadzenia post\u0119powania dowodowego. Nakaz&hellip;<\/p>\n","protected":false},"author":1,"featured_media":0,"parent":0,"menu_order":0,"comment_status":"closed","ping_status":"closed","template":"","meta":{"footnotes":""},"class_list":["post-1186","page","type-page","status-publish","hentry"],"_links":{"self":[{"href":"https:\/\/test.midobhp.pl\/index.php?rest_route=\/wp\/v2\/pages\/1186","targetHints":{"allow":["GET"]}}],"collection":[{"href":"https:\/\/test.midobhp.pl\/index.php?rest_route=\/wp\/v2\/pages"}],"about":[{"href":"https:\/\/test.midobhp.pl\/index.php?rest_route=\/wp\/v2\/types\/page"}],"author":[{"embeddable":true,"href":"https:\/\/test.midobhp.pl\/index.php?rest_route=\/wp\/v2\/users\/1"}],"replies":[{"embeddable":true,"href":"https:\/\/test.midobhp.pl\/index.php?rest_route=%2Fwp%2Fv2%2Fcomments&post=1186"}],"version-history":[{"count":23,"href":"https:\/\/test.midobhp.pl\/index.php?rest_route=\/wp\/v2\/pages\/1186\/revisions"}],"predecessor-version":[{"id":1536,"href":"https:\/\/test.midobhp.pl\/index.php?rest_route=\/wp\/v2\/pages\/1186\/revisions\/1536"}],"wp:attachment":[{"href":"https:\/\/test.midobhp.pl\/index.php?rest_route=%2Fwp%2Fv2%2Fmedia&parent=1186"}],"curies":[{"name":"wp","href":"https:\/\/api.w.org\/{rel}","templated":true}]}}