{"id":1545,"date":"2025-01-13T23:02:41","date_gmt":"2025-01-13T22:02:41","guid":{"rendered":"http:\/\/test.midobhp.pl\/?page_id=1545"},"modified":"2025-01-13T23:30:57","modified_gmt":"2025-01-13T22:30:57","slug":"elementor-strona-1545","status":"publish","type":"page","link":"https:\/\/test.midobhp.pl\/?page_id=1545","title":{"rendered":"POLITYKA PRYWATNO\u015aCI"},"content":{"rendered":"\t\t<div data-elementor-type=\"wp-page\" data-elementor-id=\"1545\" class=\"elementor elementor-1545\">\n\t\t\t\t<div class=\"elementor-element elementor-element-c8f6c2c e-flex e-con-boxed e-con e-parent\" data-id=\"c8f6c2c\" data-element_type=\"container\">\n\t\t\t\t\t<div class=\"e-con-inner\">\n\t\t\t\t<div class=\"elementor-element elementor-element-d36dd1a elementor-hidden-mobile elementor-widget elementor-widget-image\" data-id=\"d36dd1a\" data-element_type=\"widget\" data-widget_type=\"image.default\">\n\t\t\t\t<div class=\"elementor-widget-container\">\n\t\t\t\t\t\t\t\t\t\t\t\t\t\t\t<img fetchpriority=\"high\" decoding=\"async\" width=\"1792\" height=\"688\" src=\"https:\/\/test.midobhp.pl\/wp-content\/uploads\/2025\/01\/banner_legal_theme1.png\" class=\"attachment-full size-full wp-image-1521\" alt=\"\" srcset=\"https:\/\/test.midobhp.pl\/wp-content\/uploads\/2025\/01\/banner_legal_theme1.png 1792w, https:\/\/test.midobhp.pl\/wp-content\/uploads\/2025\/01\/banner_legal_theme1-300x115.png 300w, https:\/\/test.midobhp.pl\/wp-content\/uploads\/2025\/01\/banner_legal_theme1-1024x393.png 1024w, https:\/\/test.midobhp.pl\/wp-content\/uploads\/2025\/01\/banner_legal_theme1-768x295.png 768w, https:\/\/test.midobhp.pl\/wp-content\/uploads\/2025\/01\/banner_legal_theme1-1536x590.png 1536w\" sizes=\"(max-width: 1792px) 100vw, 1792px\" \/>\t\t\t\t\t\t\t\t\t\t\t\t\t\t\t<\/div>\n\t\t\t\t<\/div>\n\t\t<div class=\"elementor-element elementor-element-a723d90 e-con-full e-flex e-con e-child\" data-id=\"a723d90\" data-element_type=\"container\">\n\t\t\t\t<div class=\"elementor-element elementor-element-e16883a elementor-widget elementor-widget-heading\" data-id=\"e16883a\" data-element_type=\"widget\" data-widget_type=\"heading.default\">\n\t\t\t\t<div class=\"elementor-widget-container\">\n\t\t\t\t\t<h2 class=\"elementor-heading-title elementor-size-default\">Polityka prywatno\u015bci<\/h2>\t\t\t\t<\/div>\n\t\t\t\t<\/div>\n\t\t\t\t<div class=\"elementor-element elementor-element-439a019 elementor-widget elementor-widget-text-editor\" data-id=\"439a019\" data-element_type=\"widget\" data-widget_type=\"text-editor.default\">\n\t\t\t\t<div class=\"elementor-widget-container\">\n\t\t\t\t\t\t\t\t\t<p><strong>Ostatnia aktualizacja 13-01-2025<br \/>Data wej\u015bcia w \u017cycie 13-01-2025<\/strong><\/p><p>Niniejsza Polityka Prywatno\u015bci opisuje zasady Agnieszka Rita Herda Komornik S\u0105dowy przy S\u0105dzie Rejonowym w \u015arodzie Wielkopolskiej Kancelaria Komornicza nr IV w \u015arodzie Wielkopolskiej, ul. Stanis\u0142awa Staszica 26, \u015aroda Wielkopolska 63-000, Polska, e-mail: herda.agnieszka@o2.pl, telefon: 519 530 088 dotycz\u0105ce gromadzenia, wykorzystywania i ujawniania Twoich danych, kt\u00f3re zbieramy, gdy korzystasz z naszej strony internetowej ( https:\/\/www.srodawlkp-komornik.pl ). (dalej \u201eUs\u0142uga\u201d). Uzyskuj\u0105c dost\u0119p do Us\u0142ugi lub korzystaj\u0105c z niej, wyra\u017casz zgod\u0119 na gromadzenie, wykorzystywanie i ujawnianie Twoich danych zgodnie z niniejsz\u0105 Polityk\u0105 Prywatno\u015bci. Je\u015bli nie wyra\u017casz na to zgody, nie uzyskuj dost\u0119pu do Us\u0142ugi ani z niej nie korzystaj.<\/p><p>Mo\u017cemy modyfikowa\u0107 t\u0119 Polityk\u0119 prywatno\u015bci w dowolnym momencie bez wcze\u015bniejszego powiadomienia i opublikujemy zmienion\u0105 Polityk\u0119 prywatno\u015bci w Serwisie. Zmieniona Polityka b\u0119dzie obowi\u0105zywa\u0107 180 dni od momentu opublikowania zmienionej Polityki w Serwisie, a Tw\u00f3j dalszy dost\u0119p lub korzystanie z Us\u0142ugi po tym czasie b\u0119dzie stanowi\u0107 Twoj\u0105 akceptacj\u0119 zmienionej Polityki prywatno\u015bci. Dlatego zalecamy okresowe przegl\u0105danie tej strony.<\/p><ul><li><strong><u>Twoje prawa:<\/u><\/strong><\/li><\/ul><p>W zale\u017cno\u015bci od obowi\u0105zuj\u0105cego prawa mo\u017cesz mie\u0107 prawo do dost\u0119pu, sprostowania lub usuni\u0119cia swoich danych osobowych lub otrzymania kopii swoich danych osobowych, ograniczenia lub sprzeciwu wobec aktywnego przetwarzania swoich danych, poproszenia nas o udost\u0119pnienie (przeniesienie) Twoich danych osobowych innemu podmiotowi, wycofania wszelkich zg\u00f3d, kt\u00f3re nam udzieli\u0142e\u015b na przetwarzanie Twoich danych, prawo do z\u0142o\u017cenia skargi do organu ustawowego i takie inne prawa, kt\u00f3re mog\u0105 by\u0107 istotne na mocy obowi\u0105zuj\u0105cych przepis\u00f3w. Aby skorzysta\u0107 z tych praw, mo\u017cesz napisa\u0107 do nas na adres herda.agnieszka@o2.pl. Odpowiemy na Twoje \u017c\u0105danie zgodnie z obowi\u0105zuj\u0105cymi przepisami.<\/p><p>Nale\u017cy pami\u0119ta\u0107, \u017ce je\u015bli nie wyrazisz zgody na zbieranie lub przetwarzanie przez nas wymaganych danych osobowych lub wycofasz zgod\u0119 na przetwarzanie ich w wymaganych celach, mo\u017cesz nie mie\u0107 dost\u0119pu do us\u0142ug, w zwi\u0105zku z kt\u00f3rymi Twoje dane zosta\u0142y pozyskane, lub nie b\u0119dziesz m\u00f3g\u0142 z nich korzysta\u0107.<\/p><ul><li><strong><u>Ciasteczka itp.<\/u><\/strong><\/li><\/ul><p>Aby dowiedzie\u0107 si\u0119 wi\u0119cej o tym, jak wykorzystujemy te technologie \u015bledzenia i o Twoich wyborach w zwi\u0105zku z nimi, zapoznaj si\u0119 z nasz\u0105\u00a0<a href=\"https:\/\/www.srodawlkp-komornik.pl\/\">Polityk\u0105 plik\u00f3w cookie.<\/a><\/p><ul><li><strong><u>Bezpiecze\u0144stwo:<\/u><\/strong><\/li><\/ul><p>Bezpiecze\u0144stwo Twoich informacji jest dla nas wa\u017cne i b\u0119dziemy stosowa\u0107 rozs\u0105dne \u015brodki bezpiecze\u0144stwa, aby zapobiec utracie, niew\u0142a\u015bciwemu u\u017cyciu lub nieautoryzowanej zmianie Twoich informacji znajduj\u0105cych si\u0119 pod nasz\u0105 kontrol\u0105. Jednak bior\u0105c pod uwag\u0119 nieod\u0142\u0105czne ryzyko, nie mo\u017cemy zagwarantowa\u0107 absolutnego bezpiecze\u0144stwa, a co za tym idzie, nie mo\u017cemy zapewni\u0107 ani zagwarantowa\u0107 bezpiecze\u0144stwa \u017cadnych informacji, kt\u00f3re nam przekazujesz, a robisz to na w\u0142asne ryzyko.<\/p><ul><li><strong><u>Skarga \/ Inspektor Ochrony Danych:<\/u><\/strong><\/li><\/ul><p>Je\u015bli masz jakiekolwiek pytania lub w\u0105tpliwo\u015bci dotycz\u0105ce przetwarzania Twoich danych, kt\u00f3re s\u0105 u nas dost\u0119pne, mo\u017cesz wys\u0142a\u0107 wiadomo\u015b\u0107 e-mail do naszego Inspektora ds. Skarg w Agnieszka Rita Herda Komornik S\u0105dowy przy S\u0105dzie Rejonowym w \u015arodzie Wielkopolskiej Kancelaria Komornicza nr IV w \u015arodzie Wielkopolskiej, ul. Stanis\u0142awa Staszica 26, e-mail: herda.agnieszka@o2.pl. Rozpatrzymy Twoje w\u0105tpliwo\u015bci zgodnie z obowi\u0105zuj\u0105cym prawem.<\/p><p>\u00a0<\/p>\t\t\t\t\t\t\t\t<\/div>\n\t\t\t\t<\/div>\n\t\t\t\t<\/div>\n\t\t\t\t\t<\/div>\n\t\t\t\t<\/div>\n\t\t\t\t<\/div>\n\t\t","protected":false},"excerpt":{"rendered":"<p>Polityka prywatno\u015bci Ostatnia aktualizacja 13-01-2025Data wej\u015bcia w \u017cycie 13-01-2025 Niniejsza Polityka Prywatno\u015bci opisuje zasady Agnieszka Rita Herda Komornik S\u0105dowy przy S\u0105dzie Rejonowym w \u015arodzie Wielkopolskiej&hellip;<\/p>\n","protected":false},"author":1,"featured_media":0,"parent":0,"menu_order":0,"comment_status":"closed","ping_status":"closed","template":"","meta":{"footnotes":""},"class_list":["post-1545","page","type-page","status-publish","hentry"],"_links":{"self":[{"href":"https:\/\/test.midobhp.pl\/index.php?rest_route=\/wp\/v2\/pages\/1545","targetHints":{"allow":["GET"]}}],"collection":[{"href":"https:\/\/test.midobhp.pl\/index.php?rest_route=\/wp\/v2\/pages"}],"about":[{"href":"https:\/\/test.midobhp.pl\/index.php?rest_route=\/wp\/v2\/types\/page"}],"author":[{"embeddable":true,"href":"https:\/\/test.midobhp.pl\/index.php?rest_route=\/wp\/v2\/users\/1"}],"replies":[{"embeddable":true,"href":"https:\/\/test.midobhp.pl\/index.php?rest_route=%2Fwp%2Fv2%2Fcomments&post=1545"}],"version-history":[{"count":16,"href":"https:\/\/test.midobhp.pl\/index.php?rest_route=\/wp\/v2\/pages\/1545\/revisions"}],"predecessor-version":[{"id":1568,"href":"https:\/\/test.midobhp.pl\/index.php?rest_route=\/wp\/v2\/pages\/1545\/revisions\/1568"}],"wp:attachment":[{"href":"https:\/\/test.midobhp.pl\/index.php?rest_route=%2Fwp%2Fv2%2Fmedia&parent=1545"}],"curies":[{"name":"wp","href":"https:\/\/api.w.org\/{rel}","templated":true}]}}